{"id":389,"date":"2025-11-28T09:36:58","date_gmt":"2025-11-28T08:36:58","guid":{"rendered":"https:\/\/muhcu-transporte.de\/?page_id=389"},"modified":"2025-12-01T11:56:52","modified_gmt":"2025-12-01T10:56:52","slug":"bagger-mieten-buehl","status":"publish","type":"page","link":"http:\/\/muhcu-transporte.de\/index.php\/bagger-mieten-buehl\/","title":{"rendered":"Bagger mieten B\u00fchl"},"content":{"rendered":"","protected":false},"excerpt":{"rendered":"","protected":false},"author":1,"featured_media":0,"parent":0,"menu_order":0,"comment_status":"closed","ping_status":"closed","template":"pageDienstleistungen.php","meta":{"_acf_changed":false,"footnotes":""},"class_list":["post-389","page","type-page","status-publish","hentry"],"acf":[],"yoast_head":"<!-- This site is optimized with the Yoast SEO plugin v26.4 - https:\/\/yoast.com\/wordpress\/plugins\/seo\/ -->\n<title>Bagger mieten B\u00fchl - Muhcu Transporte GmbH<\/title>\n<meta name=\"description\" content=\"F\u00fcr B\u00fchl gut ger\u00fcstet: Bagger mieten \u2013 moderne Ger\u00e4te, klare Preise, flexible Zeiten.\" \/>\n<meta name=\"robots\" content=\"index, follow, max-snippet:-1, max-image-preview:large, max-video-preview:-1\" \/>\n<link rel=\"canonical\" href=\"http:\/\/muhcu-transporte.de\/index.php\/bagger-mieten-buehl\/\" \/>\n<meta property=\"og:locale\" content=\"de_DE\" \/>\n<meta property=\"og:type\" content=\"article\" \/>\n<meta property=\"og:title\" content=\"Bagger mieten B\u00fchl - Muhcu Transporte GmbH\" \/>\n<meta property=\"og:description\" content=\"F\u00fcr B\u00fchl gut ger\u00fcstet: Bagger mieten \u2013 moderne Ger\u00e4te, klare Preise, flexible Zeiten.\" \/>\n<meta property=\"og:url\" content=\"http:\/\/muhcu-transporte.de\/index.php\/bagger-mieten-buehl\/\" \/>\n<meta property=\"og:site_name\" content=\"Muhcu Transporte GmbH\" \/>\n<meta property=\"article:modified_time\" content=\"2025-12-01T10:56:52+00:00\" \/>\n<meta name=\"twitter:card\" content=\"summary_large_image\" \/>\n<script type=\"application\/ld+json\" class=\"yoast-schema-graph\">{\"@context\":\"https:\/\/schema.org\",\"@graph\":[{\"@type\":\"WebPage\",\"@id\":\"http:\/\/muhcu-transporte.de\/index.php\/bagger-mieten-buehl\/\",\"url\":\"http:\/\/muhcu-transporte.de\/index.php\/bagger-mieten-buehl\/\",\"name\":\"Bagger mieten B\u00fchl - Muhcu Transporte GmbH\",\"isPartOf\":{\"@id\":\"http:\/\/muhcu-transporte.de\/#website\"},\"datePublished\":\"2025-11-28T08:36:58+00:00\",\"dateModified\":\"2025-12-01T10:56:52+00:00\",\"description\":\"F\u00fcr B\u00fchl gut ger\u00fcstet: Bagger mieten \u2013 moderne Ger\u00e4te, klare Preise, flexible Zeiten.\",\"breadcrumb\":{\"@id\":\"http:\/\/muhcu-transporte.de\/index.php\/bagger-mieten-buehl\/#breadcrumb\"},\"inLanguage\":\"de\",\"potentialAction\":[{\"@type\":\"ReadAction\",\"target\":[\"http:\/\/muhcu-transporte.de\/index.php\/bagger-mieten-buehl\/\"]}]},{\"@type\":\"BreadcrumbList\",\"@id\":\"http:\/\/muhcu-transporte.de\/index.php\/bagger-mieten-buehl\/#breadcrumb\",\"itemListElement\":[{\"@type\":\"ListItem\",\"position\":1,\"name\":\"Startseite\",\"item\":\"http:\/\/muhcu-transporte.de\/\"},{\"@type\":\"ListItem\",\"position\":2,\"name\":\"Bagger mieten B\u00fchl\"}]},{\"@type\":\"WebSite\",\"@id\":\"http:\/\/muhcu-transporte.de\/#website\",\"url\":\"http:\/\/muhcu-transporte.de\/\",\"name\":\"Muhcu Transporte GmbH\",\"description\":\"Eine weitere WordPress-Website\",\"potentialAction\":[{\"@type\":\"SearchAction\",\"target\":{\"@type\":\"EntryPoint\",\"urlTemplate\":\"http:\/\/muhcu-transporte.de\/?s={search_term_string}\"},\"query-input\":{\"@type\":\"PropertyValueSpecification\",\"valueRequired\":true,\"valueName\":\"search_term_string\"}}],\"inLanguage\":\"de\"}]}<\/script>\n<!-- \/ Yoast SEO plugin. -->","yoast_head_json":{"title":"Bagger mieten B\u00fchl - Muhcu Transporte GmbH","description":"F\u00fcr B\u00fchl gut ger\u00fcstet: Bagger mieten \u2013 moderne Ger\u00e4te, klare Preise, flexible Zeiten.","robots":{"index":"index","follow":"follow","max-snippet":"max-snippet:-1","max-image-preview":"max-image-preview:large","max-video-preview":"max-video-preview:-1"},"canonical":"http:\/\/muhcu-transporte.de\/index.php\/bagger-mieten-buehl\/","og_locale":"de_DE","og_type":"article","og_title":"Bagger mieten B\u00fchl - Muhcu Transporte GmbH","og_description":"F\u00fcr B\u00fchl gut ger\u00fcstet: Bagger mieten \u2013 moderne Ger\u00e4te, klare Preise, flexible Zeiten.","og_url":"http:\/\/muhcu-transporte.de\/index.php\/bagger-mieten-buehl\/","og_site_name":"Muhcu Transporte GmbH","article_modified_time":"2025-12-01T10:56:52+00:00","twitter_card":"summary_large_image","schema":{"@context":"https:\/\/schema.org","@graph":[{"@type":"WebPage","@id":"http:\/\/muhcu-transporte.de\/index.php\/bagger-mieten-buehl\/","url":"http:\/\/muhcu-transporte.de\/index.php\/bagger-mieten-buehl\/","name":"Bagger mieten B\u00fchl - Muhcu Transporte GmbH","isPartOf":{"@id":"http:\/\/muhcu-transporte.de\/#website"},"datePublished":"2025-11-28T08:36:58+00:00","dateModified":"2025-12-01T10:56:52+00:00","description":"F\u00fcr B\u00fchl gut ger\u00fcstet: Bagger mieten \u2013 moderne Ger\u00e4te, klare Preise, flexible Zeiten.","breadcrumb":{"@id":"http:\/\/muhcu-transporte.de\/index.php\/bagger-mieten-buehl\/#breadcrumb"},"inLanguage":"de","potentialAction":[{"@type":"ReadAction","target":["http:\/\/muhcu-transporte.de\/index.php\/bagger-mieten-buehl\/"]}]},{"@type":"BreadcrumbList","@id":"http:\/\/muhcu-transporte.de\/index.php\/bagger-mieten-buehl\/#breadcrumb","itemListElement":[{"@type":"ListItem","position":1,"name":"Startseite","item":"http:\/\/muhcu-transporte.de\/"},{"@type":"ListItem","position":2,"name":"Bagger mieten B\u00fchl"}]},{"@type":"WebSite","@id":"http:\/\/muhcu-transporte.de\/#website","url":"http:\/\/muhcu-transporte.de\/","name":"Muhcu Transporte GmbH","description":"Eine weitere WordPress-Website","potentialAction":[{"@type":"SearchAction","target":{"@type":"EntryPoint","urlTemplate":"http:\/\/muhcu-transporte.de\/?s={search_term_string}"},"query-input":{"@type":"PropertyValueSpecification","valueRequired":true,"valueName":"search_term_string"}}],"inLanguage":"de"}]}},"_links":{"self":[{"href":"http:\/\/muhcu-transporte.de\/index.php\/wp-json\/wp\/v2\/pages\/389","targetHints":{"allow":["GET"]}}],"collection":[{"href":"http:\/\/muhcu-transporte.de\/index.php\/wp-json\/wp\/v2\/pages"}],"about":[{"href":"http:\/\/muhcu-transporte.de\/index.php\/wp-json\/wp\/v2\/types\/page"}],"author":[{"embeddable":true,"href":"http:\/\/muhcu-transporte.de\/index.php\/wp-json\/wp\/v2\/users\/1"}],"replies":[{"embeddable":true,"href":"http:\/\/muhcu-transporte.de\/index.php\/wp-json\/wp\/v2\/comments?post=389"}],"version-history":[{"count":6,"href":"http:\/\/muhcu-transporte.de\/index.php\/wp-json\/wp\/v2\/pages\/389\/revisions"}],"predecessor-version":[{"id":472,"href":"http:\/\/muhcu-transporte.de\/index.php\/wp-json\/wp\/v2\/pages\/389\/revisions\/472"}],"wp:attachment":[{"href":"http:\/\/muhcu-transporte.de\/index.php\/wp-json\/wp\/v2\/media?parent=389"}],"curies":[{"name":"wp","href":"https:\/\/api.w.org\/{rel}","templated":true}]}}